{"id":158,"date":"2018-07-27T19:52:25","date_gmt":"2018-07-27T19:52:25","guid":{"rendered":"http:\/\/cesarlemus.com\/?page_id=158"},"modified":"2026-03-31T21:25:12","modified_gmt":"2026-04-01T03:25:12","slug":"now","status":"publish","type":"page","link":"https:\/\/cesarlemus.com\/now\/","title":{"rendered":"Lo que estoy haciendo"},"content":{"rendered":"\n<p>P\u00e1gina est\u00e1 inspirada por <a href=\"https:\/\/sive.rs\/\">Derek Sivers<\/a>.<\/p>\n\n\n\n<p><\/p>\n\n\n\n<h3 class=\"wp-block-heading\"><strong>Blog:<\/strong><\/h3>\n\n\n\n<p>Publico cosas de trabajo, ideas y proyectos.&nbsp;<\/p>\n\n\n\n<p><\/p>\n\n\n\n<h3 class=\"wp-block-heading\"><strong>Salud:<\/strong><\/h3>\n\n\n\n<p>Paz mental es el objetivo final.<\/p>\n\n\n\n<p>GYM, calistenia, baloncesto y f\u00fatbol.<\/p>\n\n\n\n<p>Filosf\u00eda estoica y mindfulness (estar en el momento presente).<\/p>\n\n\n\n<p><\/p>\n\n\n\n<h3 class=\"wp-block-heading\"><strong>Trabajo:<\/strong><\/h3>\n\n\n\n<p>Laboro para una empresa de distribuci\u00f3n farmac\u00e9utica, formo parte del equipo BASIS administrando sistemas SAP y&nbsp; bases de datos SQL SERVER, SYBASE, HANA.<\/p>\n\n\n\n<p><\/p>\n\n\n\n<h3 class=\"wp-block-heading\"><strong>Marketing, ventas, comunicac\u00ed\u00f3n:<\/strong><\/h3>\n\n\n\n<p>Siempre habr\u00e1 quien quiera vender productos y\/o servicios y qui\u00e9n los quiera comprar. <\/p>\n\n\n\n<p>Estas habilidades  son necesarias para encontrar la libertad financiera.<\/p>\n\n\n\n<p><\/p>\n\n\n\n<h3 class=\"wp-block-heading\"><strong>Desarrollando mi Marca personal:<\/strong><\/h3>\n\n\n\n<p>Todo profesional debe construir su marca personal para exponerle al mundo las cosas geniales que hace.<\/p>\n\n\n\n<p>Mis redes sociales: <\/p>\n\n\n\n<p><a href=\"https:\/\/www.instagram.com\/cesarlemusmkt?igsh=cTV0YnFvamJ3dTVr&amp;utm_source=qr\" target=\"_blank\" rel=\"noopener\">Instagran<\/a><\/p>\n\n\n\n<p><a href=\"https:\/\/x.com\/cesarlemus\" target=\"_blank\" rel=\"noopener\">x (twitter)<\/a>.<\/p>\n\n\n\n<p><\/p>\n\n\n\n<p><strong>\u00bfPorqu\u00e9 crear una Now page?<\/strong><\/p>\n\n\n\n<p>Ve a <a href=\"https:\/\/nownownow.com\/about\">este link<\/a>.<\/p>\n\n\n\n<p><em><strong>Actualizaci\u00f3n al: 22\/03\/2026<\/strong><\/em><\/p>\n\n\n\n<p><\/p>\n\n\n\n<p><\/p>\n\n\n<h3 class=\"wp-block-post-title\">Lo que estoy haciendo<\/h3>\n\n\n<p><\/p>\n","protected":false},"excerpt":{"rendered":"<p>P\u00e1gina est\u00e1 inspirada por Derek Sivers. Blog: Publico cosas de trabajo, ideas y proyectos.&nbsp; Salud: Paz mental es el objetivo final. GYM, calistenia, baloncesto y f\u00fatbol. Filosf\u00eda estoica y mindfulness (estar en el momento presente). Trabajo: Laboro para una empresa de distribuci\u00f3n farmac\u00e9utica, formo parte del equipo BASIS administrando sistemas SAP y&nbsp; bases de datos [&hellip;]<\/p>\n","protected":false},"author":1,"featured_media":0,"parent":0,"menu_order":0,"comment_status":"closed","ping_status":"closed","template":"","meta":{"footnotes":""},"class_list":["post-158","page","type-page","status-publish","hentry"],"jetpack_sharing_enabled":true,"_links":{"self":[{"href":"https:\/\/cesarlemus.com\/wp-json\/wp\/v2\/pages\/158","targetHints":{"allow":["GET"]}}],"collection":[{"href":"https:\/\/cesarlemus.com\/wp-json\/wp\/v2\/pages"}],"about":[{"href":"https:\/\/cesarlemus.com\/wp-json\/wp\/v2\/types\/page"}],"author":[{"embeddable":true,"href":"https:\/\/cesarlemus.com\/wp-json\/wp\/v2\/users\/1"}],"replies":[{"embeddable":true,"href":"https:\/\/cesarlemus.com\/wp-json\/wp\/v2\/comments?post=158"}],"version-history":[{"count":25,"href":"https:\/\/cesarlemus.com\/wp-json\/wp\/v2\/pages\/158\/revisions"}],"predecessor-version":[{"id":768,"href":"https:\/\/cesarlemus.com\/wp-json\/wp\/v2\/pages\/158\/revisions\/768"}],"wp:attachment":[{"href":"https:\/\/cesarlemus.com\/wp-json\/wp\/v2\/media?parent=158"}],"curies":[{"name":"wp","href":"https:\/\/api.w.org\/{rel}","templated":true}]}}